{"id":873,"date":"2024-07-13T18:43:20","date_gmt":"2024-07-13T18:43:20","guid":{"rendered":"http:\/\/wgl-demo.net\/starlitte\/?page_id=873"},"modified":"2024-08-15T06:46:51","modified_gmt":"2024-08-15T06:46:51","slug":"faqs-transcor","status":"publish","type":"page","link":"https:\/\/transcor.md\/ro\/faqs-transcor\/","title":{"rendered":"\u00centreb\u0103ri frecvente"},"content":{"rendered":"<div data-elementor-type=\"wp-page\" data-elementor-id=\"873\" class=\"elementor elementor-873\">\n\t\t\t\t\t\t<section class=\"elementor-section elementor-top-section elementor-element elementor-element-66615e6 elementor-section-boxed elementor-section-height-default elementor-section-height-default\" data-id=\"66615e6\" data-element_type=\"section\" data-settings=\"{&quot;background_background&quot;:&quot;classic&quot;}\">\n\t\t\t\t\t\t<div class=\"elementor-container elementor-column-gap-default\">\n\t\t\t\t\t<div class=\"elementor-column elementor-col-100 elementor-top-column elementor-element elementor-element-e02b0e6\" data-id=\"e02b0e6\" data-element_type=\"column\">\n\t\t\t<div class=\"elementor-widget-wrap elementor-element-populated\">\n\t\t\t\t\t\t<div class=\"elementor-element elementor-element-40cb711 elementor-widget elementor-widget-spacer\" data-id=\"40cb711\" data-element_type=\"widget\" data-widget_type=\"spacer.default\">\n\t\t\t\t<div class=\"elementor-widget-container\">\n\t\t\t\t\t<div class=\"elementor-spacer\">\n\t\t\t<div class=\"elementor-spacer-inner\"><\/div>\n\t\t<\/div>\n\t\t\t\t<\/div>\n\t\t\t\t<\/div>\n\t\t\t\t<div class=\"elementor-element elementor-element-e698220 elementor-widget elementor-widget-spacer\" data-id=\"e698220\" data-element_type=\"widget\" data-widget_type=\"spacer.default\">\n\t\t\t\t<div class=\"elementor-widget-container\">\n\t\t\t\t\t<div class=\"elementor-spacer\">\n\t\t\t<div class=\"elementor-spacer-inner\"><\/div>\n\t\t<\/div>\n\t\t\t\t<\/div>\n\t\t\t\t<\/div>\n\t\t\t\t<section class=\"elementor-section elementor-inner-section elementor-element elementor-element-e65d788 elementor-section-boxed elementor-section-height-default elementor-section-height-default\" data-id=\"e65d788\" data-element_type=\"section\">\n\t\t\t\t\t\t<div class=\"elementor-container elementor-column-gap-default\">\n\t\t\t\t\t<div class=\"elementor-column elementor-col-50 elementor-inner-column elementor-element elementor-element-ce514f9\" data-id=\"ce514f9\" data-element_type=\"column\">\n\t\t\t<div class=\"elementor-widget-wrap elementor-element-populated\">\n\t\t\t\t\t\t<div class=\"elementor-element elementor-element-809449f elementor-view-default elementor-widget elementor-widget-wgl-toggle-accordion\" data-id=\"809449f\" data-element_type=\"widget\" data-widget_type=\"wgl-toggle-accordion.default\">\n\t\t\t\t<div class=\"elementor-widget-container\">\n\t\t\t<div class=\"wgl-accordion icon-plus\" id=\"wgl-accordion-809449f\" data-type=\"accordion\"><div class=\"accordion__panel\"><h4 id=\"accordion__header-1341\" class=\"accordion__header\" data-default=\"yes\"><span class=\"accordion__title\">Contabilitatea 1C este foarte lent\u0103, pute\u021bi ajuta cu asta?<\/span><i class=\"accordion__icon elementor-icon\"><\/i><\/h4><div class=\"accordion__content\"><p>Cu siguran\u0163\u0103! V\u0103 recomand\u0103m s\u0103 trece\u021bi la serverul nostru cloud VPS. Aceast\u0103 solu\u021bie va oferi performan\u021b\u0103 ridicat\u0103, stabilitate \u0219i vitez\u0103 pentru departamentul dvs. de contabilitate 1C. Uit\u0103 de munca lent\u0103 \u0219i bucur\u0103-te de munca ne\u00eentrerupt\u0103!<\/p><\/div><\/div><div class=\"accordion__panel\"><h4 id=\"accordion__header-1342\" class=\"accordion__header\" data-default=\"\"><span class=\"accordion__title\">Internetul func\u021bioneaz\u0103 intermitent, \u00eencet \u0219i \u00eent\u00e2rzie constant!<\/span><i class=\"accordion__icon elementor-icon\"><\/i><\/h4><div class=\"accordion__content\"><p>Acest lucru se poate \u00eent\u00e2mpla din cauza unei conexiuni la internet nesigure. Conecta\u021bi-v\u0103 la Agentia Transcor \u0219i experimenta\u021bi diferen\u021ba! Oferim conexiuni la Internet stabile \u0219i de mare vitez\u0103 \u00een toat\u0103 \u021bara cu suport tehnic 24\/7.<\/p><\/div><\/div><div class=\"accordion__panel\"><h4 id=\"accordion__header-1343\" class=\"accordion__header\" data-default=\"\"><span class=\"accordion__title\">Scrisorile dispar \u00een mod constant, iar cele trimise nu ajung la destinatar, exist\u0103 doar spam \u00een po\u0219t\u0103!<\/span><i class=\"accordion__icon elementor-icon\"><\/i><\/h4><div class=\"accordion__content\"><p>V\u0103 putem crea un server de e-mail cu un nivel ridicat de securitate \u0219i fiabilitate. Po\u0219ta ta va func\u021biona ca un ceas, f\u0103r\u0103 a pierde scrisori \u0219i cu un nivel minim de spam.<\/p><\/div><\/div><div class=\"accordion__panel\"><h4 id=\"accordion__header-1344\" class=\"accordion__header\" data-default=\"\"><span class=\"accordion__title\">Imprimanta adesea nu functioneaz\u0103, sau imprimarea nu func\u021bioneaz\u0103, sau driverul de imprimant\u0103 nu este detectat!<\/span><i class=\"accordion__icon elementor-icon\"><\/i><\/h4><div class=\"accordion__content\"><p>Exper\u021bii no\u0219tri de la Agentia Transcor v\u0103 pot configura echipamentul pentru ca imprimantele \u0219i scanerele s\u0103 func\u021bioneze f\u0103r\u0103 probleme. Vom asigura func\u021bionarea stabil\u0103 a echipamentului dumneavoastr\u0103 prin eliminarea oric\u0103ror probleme de conectare \u0219i driver.<\/p><\/div><\/div><\/div>\t\t<\/div>\n\t\t\t\t<\/div>\n\t\t\t\t\t<\/div>\n\t\t<\/div>\n\t\t\t\t<div class=\"elementor-column elementor-col-50 elementor-inner-column elementor-element elementor-element-b584ad3\" data-id=\"b584ad3\" data-element_type=\"column\">\n\t\t\t<div class=\"elementor-widget-wrap elementor-element-populated\">\n\t\t\t\t\t\t<div class=\"elementor-element elementor-element-4ccf9de elementor-view-default elementor-widget elementor-widget-wgl-toggle-accordion\" data-id=\"4ccf9de\" data-element_type=\"widget\" data-widget_type=\"wgl-toggle-accordion.default\">\n\t\t\t\t<div class=\"elementor-widget-container\">\n\t\t\t<div class=\"wgl-accordion icon-plus\" id=\"wgl-accordion-4ccf9de\" data-type=\"accordion\"><div class=\"accordion__panel\"><h4 id=\"accordion__header-8051\" class=\"accordion__header\" data-default=\"yes\"><span class=\"accordion__title\">Site-ul a \u00eenceput s\u0103 r\u0103spund\u0103 foarte \u00eencet, navigarea prin pagini a fost lung\u0103 \u0219i incomod\u0103!<\/span><i class=\"accordion__icon elementor-icon\"><\/i><\/h4><div class=\"accordion__content\"><p>Putem diagnostica \u0219i optimiza site-ul dvs. folosind serviciile noastre de g\u0103zduire. Site-ul t\u0103u web va deveni mai rapid \u0219i mai accesibil pentru clien\u021bii dvs.<\/p><\/div><\/div><div class=\"accordion__panel\"><h4 id=\"accordion__header-8052\" class=\"accordion__header\" data-default=\"\"><span class=\"accordion__title\">Wi-Fi-ul se pierde constant, diverse dispozitive, telefoane, laptop-uri sunt adesea deconectate de la el!<\/span><i class=\"accordion__icon elementor-icon\"><\/i><\/h4><div class=\"accordion__content\"><p>Vom analiza routerul dvs. Wi-Fi \u0219i \u00eel vom configura pentru a func\u021biona optim. Remedierea problemelor de conexiune v\u0103 va asigura c\u0103 toate dispozitivele dumneavoastr\u0103 func\u021bioneaz\u0103 f\u0103r\u0103 probleme.<\/p><\/div><\/div><div class=\"accordion__panel\"><h4 id=\"accordion__header-8053\" class=\"accordion__header\" data-default=\"\"><span class=\"accordion__title\">Serverul nostru de la birou a \u00eenceput s\u0103 se defecteze \u0219i s\u0103 func\u021bioneze \u00eencet, mai ales dup\u0103 ce se \u00eentrerupe curentul, iar UPS-ul nu dureaz\u0103 mult!<\/span><i class=\"accordion__icon elementor-icon\"><\/i><\/h4><div class=\"accordion__content\"><p>Solu\u021bia este simpl\u0103: muta\u021bi-v\u0103 serverul \u00een cloud! Oferim toleran\u021b\u0103 ridicat\u0103 la erori, backup zilnic \u0219i alimentare stabil\u0103. Nu mai trebuie s\u0103 v\u0103 face\u021bi griji pentru e\u0219ecurile nea\u0219teptate.<\/p><\/div><\/div><div class=\"accordion__panel\"><h4 id=\"accordion__header-8054\" class=\"accordion__header\" data-default=\"\"><span class=\"accordion__title\">Re\u021beaua noastr\u0103 de birouri se confrunt\u0103 adesea cu defec\u021biuni, deconect\u0103ri \u0219i erori de ne\u00een\u021beles!<\/span><i class=\"accordion__icon elementor-icon\"><\/i><\/h4><div class=\"accordion__content\"><p>V\u0103 vom audita re\u021beaua \u0219i vom remedia toate problemele. Re\u021beaua dumneavoastr\u0103 de birouri va func\u021biona stabil \u0219i f\u0103r\u0103 defec\u021biuni, datorit\u0103 suportului \u0219i optimiz\u0103rii noastre.<\/p><\/div><\/div><div class=\"accordion__panel\"><h4 id=\"accordion__header-8055\" class=\"accordion__header\" data-default=\"\"><span class=\"accordion__title\">Exist\u0103 o suspiciune c\u0103 str\u0103inii se conecteaz\u0103 la re\u021beaua noastr\u0103 de birouri, ce ar trebui s\u0103 facem?<\/span><i class=\"accordion__icon elementor-icon\"><\/i><\/h4><div class=\"accordion__content\"><p>Vom dezvolta un sistem de securitate personalizat pentru biroul dumneavoastr\u0103, inclusiv firewall-uri, protec\u021bia datelor \u0219i instruirea personalului \u00een elementele de baz\u0103 ale securit\u0103\u021bii. Datele dumneavoastr\u0103 vor fi protejate \u00een mod fiabil.<\/p><\/div><\/div><\/div>\t\t<\/div>\n\t\t\t\t<\/div>\n\t\t\t\t\t<\/div>\n\t\t<\/div>\n\t\t\t\t\t<\/div>\n\t\t<\/section>\n\t\t\t\t<div class=\"elementor-element elementor-element-dd55c72 elementor-widget elementor-widget-spacer\" data-id=\"dd55c72\" data-element_type=\"widget\" data-widget_type=\"spacer.default\">\n\t\t\t\t<div class=\"elementor-widget-container\">\n\t\t\t\t\t<div class=\"elementor-spacer\">\n\t\t\t<div class=\"elementor-spacer-inner\"><\/div>\n\t\t<\/div>\n\t\t\t\t<\/div>\n\t\t\t\t<\/div>\n\t\t\t\t\t<\/div>\n\t\t<\/div>\n\t\t\t\t\t<\/div>\n\t\t<\/section>\n\t\t\t\t<section class=\"elementor-section elementor-top-section elementor-element elementor-element-306c05d elementor-section-boxed elementor-section-height-default elementor-section-height-default\" data-id=\"306c05d\" data-element_type=\"section\">\n\t\t\t\t\t\t<div class=\"elementor-container elementor-column-gap-default\">\n\t\t\t\t\t<div class=\"elementor-column elementor-col-100 elementor-top-column elementor-element elementor-element-f93c90d\" data-id=\"f93c90d\" data-element_type=\"column\">\n\t\t\t<div class=\"elementor-widget-wrap elementor-element-populated\">\n\t\t\t\t\t\t<div class=\"elementor-element elementor-element-8bf0908 elementor-widget elementor-widget-spacer\" data-id=\"8bf0908\" data-element_type=\"widget\" data-widget_type=\"spacer.default\">\n\t\t\t\t<div class=\"elementor-widget-container\">\n\t\t\t\t\t<div class=\"elementor-spacer\">\n\t\t\t<div class=\"elementor-spacer-inner\"><\/div>\n\t\t<\/div>\n\t\t\t\t<\/div>\n\t\t\t\t<\/div>\n\t\t\t\t\t<\/div>\n\t\t<\/div>\n\t\t\t\t\t<\/div>\n\t\t<\/section>\n\t\t\t\t<section class=\"elementor-section elementor-top-section elementor-element elementor-element-40c6155 elementor-section-boxed elementor-section-height-default elementor-section-height-default\" data-id=\"40c6155\" data-element_type=\"section\">\n\t\t\t\t\t\t<div class=\"elementor-container elementor-column-gap-default\">\n\t\t\t\t\t<div class=\"elementor-column elementor-col-100 elementor-top-column elementor-element elementor-element-f0bc820\" data-id=\"f0bc820\" data-element_type=\"column\" data-settings=\"{&quot;background_background&quot;:&quot;classic&quot;}\">\n\t\t\t<div class=\"elementor-widget-wrap elementor-element-populated\">\n\t\t\t\t\t\t<div class=\"elementor-element elementor-element-e5a1dea elementor-widget elementor-widget-spacer\" data-id=\"e5a1dea\" data-element_type=\"widget\" data-widget_type=\"spacer.default\">\n\t\t\t\t<div class=\"elementor-widget-container\">\n\t\t\t\t\t<div class=\"elementor-spacer\">\n\t\t\t<div class=\"elementor-spacer-inner\"><\/div>\n\t\t<\/div>\n\t\t\t\t<\/div>\n\t\t\t\t<\/div>\n\t\t\t\t<section class=\"elementor-section elementor-inner-section elementor-element elementor-element-63dbd4e elementor-section-boxed elementor-section-height-default elementor-section-height-default\" data-id=\"63dbd4e\" data-element_type=\"section\">\n\t\t\t\t\t\t<div class=\"elementor-container elementor-column-gap-default\">\n\t\t\t\t\t<div class=\"elementor-column elementor-col-66 elementor-inner-column elementor-element elementor-element-8090b80\" data-id=\"8090b80\" data-element_type=\"column\">\n\t\t\t<div class=\"elementor-widget-wrap elementor-element-populated\">\n\t\t\t\t\t\t<div class=\"elementor-element elementor-element-a188608 elementor-widget elementor-widget-heading\" data-id=\"a188608\" data-element_type=\"widget\" data-widget_type=\"heading.default\">\n\t\t\t\t<div class=\"elementor-widget-container\">\n\t\t\t<h2 class=\"elementor-heading-title elementor-size-default\">S\u0103 discut\u0103m despre proiectul dumneavoastr\u0103 personalizat!<\/h2>\t\t<\/div>\n\t\t\t\t<\/div>\n\t\t\t\t<div class=\"elementor-element elementor-element-f2ecc3a elementor-widget elementor-widget-text-editor\" data-id=\"f2ecc3a\" data-element_type=\"widget\" data-widget_type=\"text-editor.default\">\n\t\t\t\t<div class=\"elementor-widget-container\">\n\t\t\t\t\t\t\t<p><span>Solicita\u021bi un apel de la specialistul nostru.<\/span><\/p>\t\t\t\t\t\t<\/div>\n\t\t\t\t<\/div>\n\t\t\t\t\t<\/div>\n\t\t<\/div>\n\t\t\t\t<div class=\"elementor-column elementor-col-33 elementor-inner-column elementor-element elementor-element-98a7cf9\" data-id=\"98a7cf9\" data-element_type=\"column\">\n\t\t\t<div class=\"elementor-widget-wrap elementor-element-populated\">\n\t\t\t\t\t\t<div class=\"elementor-element elementor-element-29f5c28 elementor-widget elementor-widget-spacer\" data-id=\"29f5c28\" data-element_type=\"widget\" data-widget_type=\"spacer.default\">\n\t\t\t\t<div class=\"elementor-widget-container\">\n\t\t\t\t\t<div class=\"elementor-spacer\">\n\t\t\t<div class=\"elementor-spacer-inner\"><\/div>\n\t\t<\/div>\n\t\t\t\t<\/div>\n\t\t\t\t<\/div>\n\t\t\t\t<div class=\"elementor-element elementor-element-72b17f8 elementor-widget elementor-widget-shortcode\" data-id=\"72b17f8\" data-element_type=\"widget\" data-widget_type=\"shortcode.default\">\n\t\t\t\t<div class=\"elementor-widget-container\">\n\t\t\t\t\t<div class=\"elementor-shortcode\">\n<div class=\"wpcf7 no-js\" id=\"wpcf7-f1550-o1\" lang=\"en-US\" dir=\"ltr\">\n<div class=\"screen-reader-response\"><p role=\"status\" aria-live=\"polite\" aria-atomic=\"true\"><\/p> <ul><\/ul><\/div>\n<form action=\"\/wp-json\/wp\/v2\/pages\/873\" method=\"post\" class=\"wpcf7-form init\" aria-label=\"Contact form\" novalidate=\"novalidate\" data-status=\"init\" data-trp-original-action=\"\/ro\/wp-json\/wp\/v2\/pages\/873#wpcf7-f1550-o1\">\n<div style=\"display: none;\">\n<input type=\"hidden\" name=\"_wpcf7\" value=\"1550\" \/>\n<input type=\"hidden\" name=\"_wpcf7_version\" value=\"5.9.8\" \/>\n<input type=\"hidden\" name=\"_wpcf7_locale\" value=\"en_US\" \/>\n<input type=\"hidden\" name=\"_wpcf7_unit_tag\" value=\"wpcf7-f1550-o1\" \/>\n<input type=\"hidden\" name=\"_wpcf7_container_post\" value=\"0\" \/>\n<input type=\"hidden\" name=\"_wpcf7_posted_data_hash\" value=\"\" \/>\n<\/div>\n<div class=\"row faq\">\n    <div class=\"wgl_col-12\">\n        <span class=\"wpcf7-form-control-wrap\" data-name=\"tel-533\"><input size=\"40\" maxlength=\"400\" class=\"wpcf7-form-control wpcf7-tel wpcf7-validates-as-required wpcf7-text wpcf7-validates-as-tel\" aria-required=\"true\" aria-invalid=\"false\" placeholder=\"Introduce\u021bi num\u0103rul de telefon\" value=\"\" type=\"tel\" name=\"tel-533\" \/><\/span>\n        <div class='wpcf7-submit-wrapper'>\n            <input class=\"wpcf7-form-control wpcf7-submit has-spinner\" type=\"submit\" value=\"Transmite\u021bi\" \/>\n        <\/div>\n    <\/div>\n<\/div><p style=\"display: none !important;\" class=\"akismet-fields-container\" data-prefix=\"_wpcf7_ak_\"><label>&#916;<textarea name=\"_wpcf7_ak_hp_textarea\" cols=\"45\" rows=\"8\" maxlength=\"100\"><\/textarea><\/label><input type=\"hidden\" id=\"ak_js_1\" name=\"_wpcf7_ak_js\" value=\"123\"\/><script>document.getElementById( \"ak_js_1\" ).setAttribute( \"value\", ( new Date() ).getTime() );<\/script><\/p><div class=\"wpcf7-response-output\" aria-hidden=\"true\"><\/div>\n<input type=\"hidden\" name=\"trp-form-language\" value=\"ro\"\/><\/form>\n<\/div>\n<\/div>\n\t\t\t\t<\/div>\n\t\t\t\t<\/div>\n\t\t\t\t\t<\/div>\n\t\t<\/div>\n\t\t\t\t\t<\/div>\n\t\t<\/section>\n\t\t\t\t<div class=\"elementor-element elementor-element-f785015 elementor-widget elementor-widget-spacer\" data-id=\"f785015\" data-element_type=\"widget\" data-widget_type=\"spacer.default\">\n\t\t\t\t<div class=\"elementor-widget-container\">\n\t\t\t\t\t<div class=\"elementor-spacer\">\n\t\t\t<div class=\"elementor-spacer-inner\"><\/div>\n\t\t<\/div>\n\t\t\t\t<\/div>\n\t\t\t\t<\/div>\n\t\t\t\t\t<\/div>\n\t\t<\/div>\n\t\t\t\t\t<\/div>\n\t\t<\/section>\n\t\t\t\t<section class=\"elementor-section elementor-top-section elementor-element elementor-element-8c9c7ca elementor-section-boxed elementor-section-height-default elementor-section-height-default\" data-id=\"8c9c7ca\" data-element_type=\"section\">\n\t\t\t\t\t\t<div class=\"elementor-container elementor-column-gap-default\">\n\t\t\t\t\t<div class=\"elementor-column elementor-col-100 elementor-top-column elementor-element elementor-element-f54b367\" data-id=\"f54b367\" data-element_type=\"column\">\n\t\t\t<div class=\"elementor-widget-wrap elementor-element-populated\">\n\t\t\t\t\t\t<div class=\"elementor-element elementor-element-8e63a9e elementor-widget elementor-widget-spacer\" data-id=\"8e63a9e\" data-element_type=\"widget\" data-widget_type=\"spacer.default\">\n\t\t\t\t<div class=\"elementor-widget-container\">\n\t\t\t\t\t<div class=\"elementor-spacer\">\n\t\t\t<div class=\"elementor-spacer-inner\"><\/div>\n\t\t<\/div>\n\t\t\t\t<\/div>\n\t\t\t\t<\/div>\n\t\t\t\t\t<\/div>\n\t\t<\/div>\n\t\t\t\t\t<\/div>\n\t\t<\/section>\n\t\t\t\t<\/div>","protected":false},"excerpt":{"rendered":"<p>\u041e\u0447\u0435\u043d\u044c \u0441\u0438\u043b\u044c\u043d\u043e \u0442\u043e\u0440\u043c\u043e\u0437\u0438\u0442 1 \u0421 \u0431\u0443\u0445\u0433\u0430\u043b\u0442\u0435\u0440\u0438\u044f, \u043c\u043e\u0436\u0435\u0442\u0435 \u0432 \u044d\u0442\u043e\u043c \u043f\u043e\u043c\u043e\u0447\u044c? \u041a\u043e\u043d\u0435\u0447\u043d\u043e! \u041c\u044b \u0440\u0435\u043a\u043e\u043c\u0435\u043d\u0434\u0443\u0435\u043c \u043f\u0435\u0440\u0435\u0439\u0442\u0438 \u043d\u0430 \u043d\u0430\u0448 \u043e\u0431\u043b\u0430\u0447\u043d\u044b\u0439 VPS \u0441\u0435\u0440\u0432\u0435\u0440. \u042d\u0442\u043e \u0440\u0435\u0448\u0435\u043d\u0438\u0435 \u043e\u0431\u0435\u0441\u043f\u0435\u0447\u0438\u0442 \u0432\u044b\u0441\u043e\u043a\u0443\u044e \u043f\u0440\u043e\u0438\u0437\u0432\u043e\u0434\u0438\u0442\u0435\u043b\u044c\u043d\u043e\u0441\u0442\u044c, \u0441\u0442\u0430\u0431\u0438\u043b\u044c\u043d\u043e\u0441\u0442\u044c \u0438 \u0431\u044b\u0441\u0442\u0440\u043e\u0434\u0435\u0439\u0441\u0442\u0432\u0438\u0435 \u0434\u043b\u044f \u0432\u0430\u0448\u0435\u0439 1\u0421 \u0431\u0443\u0445\u0433\u0430\u043b\u0442\u0435\u0440\u0438\u0438. \u0417\u0430\u0431\u0443\u0434\u044c\u0442\u0435 \u043e \u043c\u0435\u0434\u043b\u0435\u043d\u043d\u043e\u0439 \u0440\u0430\u0431\u043e\u0442\u0435 \u0438 \u043d\u0430\u0441\u043b\u0430\u0436\u0434\u0430\u0439\u0442\u0435\u0441\u044c \u0431\u0435\u0441\u043f\u0440\u0435\u0440\u044b\u0432\u043d\u043e\u0439 \u0440\u0430\u0431\u043e\u0442\u043e\u0439! \u0418\u043d\u0442\u0435\u0440\u043d\u0435\u0442 \u0440\u0430\u0431\u043e\u0442\u0430\u0435\u0442 \u0441 \u043f\u0435\u0440\u0435\u0431\u043e\u044f\u043c\u0438, \u043c\u0435\u0434\u043b\u0435\u043d\u043d\u043e \u0438 \u043f\u043e\u0441\u0442\u043e\u044f\u043d\u043d\u044b\u0435 \u043b\u0430\u0433\u0438! \u042d\u0442\u043e \u043c\u043e\u0436\u0435\u0442 \u043f\u0440\u043e\u0438\u0441\u0445\u043e\u0434\u0438\u0442\u044c \u0438\u0437-\u0437\u0430 \u043d\u0435\u043d\u0430\u0434\u0435\u0436\u043d\u043e\u0433\u043e \u0438\u043d\u0442\u0435\u0440\u043d\u0435\u0442-\u043f\u043e\u0434\u043a\u043b\u044e\u0447\u0435\u043d\u0438\u044f. \u041f\u043e\u0434\u043a\u043b\u044e\u0447\u0430\u0439\u0442\u0435\u0441\u044c \u043a [&hellip;]<\/p>","protected":false},"author":1,"featured_media":0,"parent":0,"menu_order":0,"comment_status":"closed","ping_status":"closed","template":"","meta":{"footnotes":""},"class_list":["post-873","page","type-page","status-publish","hentry"],"_links":{"self":[{"href":"https:\/\/transcor.md\/ro\/wp-json\/wp\/v2\/pages\/873","targetHints":{"allow":["GET"]}}],"collection":[{"href":"https:\/\/transcor.md\/ro\/wp-json\/wp\/v2\/pages"}],"about":[{"href":"https:\/\/transcor.md\/ro\/wp-json\/wp\/v2\/types\/page"}],"author":[{"embeddable":true,"href":"https:\/\/transcor.md\/ro\/wp-json\/wp\/v2\/users\/1"}],"replies":[{"embeddable":true,"href":"https:\/\/transcor.md\/ro\/wp-json\/wp\/v2\/comments?post=873"}],"version-history":[{"count":28,"href":"https:\/\/transcor.md\/ro\/wp-json\/wp\/v2\/pages\/873\/revisions"}],"predecessor-version":[{"id":4220,"href":"https:\/\/transcor.md\/ro\/wp-json\/wp\/v2\/pages\/873\/revisions\/4220"}],"wp:attachment":[{"href":"https:\/\/transcor.md\/ro\/wp-json\/wp\/v2\/media?parent=873"}],"curies":[{"name":"wp","href":"https:\/\/api.w.org\/{rel}","templated":true}]}}