{"id":548,"date":"2024-07-13T00:06:09","date_gmt":"2024-07-13T00:06:09","guid":{"rendered":"http:\/\/wgl-demo.net\/starlitte\/?page_id=548"},"modified":"2024-07-18T08:58:40","modified_gmt":"2024-07-18T08:58:40","slug":"transcor-blog","status":"publish","type":"page","link":"https:\/\/transcor.md\/ro\/transcor-blog\/","title":{"rendered":"Articole"},"content":{"rendered":"<div data-elementor-type=\"wp-page\" data-elementor-id=\"548\" class=\"elementor elementor-548\">\n\t\t\t\t\t\t<section class=\"elementor-section elementor-top-section elementor-element elementor-element-8a25f02 elementor-section-boxed elementor-section-height-default elementor-section-height-default\" data-id=\"8a25f02\" data-element_type=\"section\">\n\t\t\t\t\t\t<div class=\"elementor-container elementor-column-gap-default\">\n\t\t\t\t\t<div class=\"elementor-column elementor-col-100 elementor-top-column elementor-element elementor-element-985f8e0\" data-id=\"985f8e0\" data-element_type=\"column\">\n\t\t\t<div class=\"elementor-widget-wrap elementor-element-populated\">\n\t\t\t\t\t\t<div class=\"elementor-element elementor-element-7249e0c elementor-widget elementor-widget-spacer\" data-id=\"7249e0c\" data-element_type=\"widget\" data-widget_type=\"spacer.default\">\n\t\t\t\t<div class=\"elementor-widget-container\">\n\t\t\t\t\t<div class=\"elementor-spacer\">\n\t\t\t<div class=\"elementor-spacer-inner\"><\/div>\n\t\t<\/div>\n\t\t\t\t<\/div>\n\t\t\t\t<\/div>\n\t\t\t\t\t<\/div>\n\t\t<\/div>\n\t\t\t\t\t<\/div>\n\t\t<\/section>\n\t\t\t\t<section class=\"elementor-section elementor-top-section elementor-element elementor-element-fef9635 elementor-section-boxed elementor-section-height-default elementor-section-height-default\" data-id=\"fef9635\" data-element_type=\"section\">\n\t\t\t\t\t\t<div class=\"elementor-container elementor-column-gap-default\">\n\t\t\t\t\t<div class=\"elementor-column elementor-col-100 elementor-top-column elementor-element elementor-element-26716d2\" data-id=\"26716d2\" data-element_type=\"column\">\n\t\t\t<div class=\"elementor-widget-wrap elementor-element-populated\">\n\t\t\t\t\t\t<div class=\"elementor-element elementor-element-37a6deb show-extra-element acenter elementor-widget elementor-widget-wgl-double-headings\" data-id=\"37a6deb\" data-element_type=\"widget\" data-widget_type=\"wgl-double-headings.default\">\n\t\t\t\t<div class=\"elementor-widget-container\">\n\t\t\t        <div class=\"wgl-double-heading\"><h3 class=\"dbl__title-wrapper\"><span class=\"dbl__title dbl-title_1\">Bun venit pe blogul nostru<\/span><span class=\"dbl__title dbl-title_2\">.<\/span><\/h3>        <\/div>\t\t<\/div>\n\t\t\t\t<\/div>\n\t\t\t\t\t<\/div>\n\t\t<\/div>\n\t\t\t\t\t<\/div>\n\t\t<\/section>\n\t\t\t\t<section class=\"elementor-section elementor-top-section elementor-element elementor-element-1339660 elementor-section-boxed elementor-section-height-default elementor-section-height-default\" data-id=\"1339660\" data-element_type=\"section\">\n\t\t\t\t\t\t<div class=\"elementor-container elementor-column-gap-default\">\n\t\t\t\t\t<div class=\"elementor-column elementor-col-100 elementor-top-column elementor-element elementor-element-63d5eb2\" data-id=\"63d5eb2\" data-element_type=\"column\">\n\t\t\t<div class=\"elementor-widget-wrap elementor-element-populated\">\n\t\t\t\t\t\t<div class=\"elementor-element elementor-element-c2f5ab6 elementor-widget elementor-widget-spacer\" data-id=\"c2f5ab6\" data-element_type=\"widget\" data-widget_type=\"spacer.default\">\n\t\t\t\t<div class=\"elementor-widget-container\">\n\t\t\t\t\t<div class=\"elementor-spacer\">\n\t\t\t<div class=\"elementor-spacer-inner\"><\/div>\n\t\t<\/div>\n\t\t\t\t<\/div>\n\t\t\t\t<\/div>\n\t\t\t\t\t<\/div>\n\t\t<\/div>\n\t\t\t\t\t<\/div>\n\t\t<\/section>\n\t\t\t\t<section class=\"elementor-section elementor-top-section elementor-element elementor-element-01badcf elementor-section-boxed elementor-section-height-default elementor-section-height-default\" data-id=\"01badcf\" data-element_type=\"section\">\n\t\t\t\t\t\t<div class=\"elementor-container elementor-column-gap-default\">\n\t\t\t\t\t<div class=\"elementor-column elementor-col-100 elementor-top-column elementor-element elementor-element-f505ab8\" data-id=\"f505ab8\" data-element_type=\"column\">\n\t\t\t<div class=\"elementor-widget-wrap elementor-element-populated\">\n\t\t\t\t\t\t<div class=\"elementor-element elementor-element-e2c9242 elementor-widget elementor-widget-text-editor\" data-id=\"e2c9242\" data-element_type=\"widget\" data-widget_type=\"text-editor.default\">\n\t\t\t\t<div class=\"elementor-widget-container\">\n\t\t\t\t\t\t\t<p>Aici ve\u021bi g\u0103si material informativ util pe diverse subiecte despre care suntem foarte interesa\u021bi s\u0103 vorbim \u0219i s\u0103 \u00eemp\u0103rt\u0103\u0219im experien\u021ba \u0219i viziunea noastr\u0103. Ne bucur\u0103m mereu s\u0103 fim de folos clien\u021bilor no\u0219tri!<\/p>\t\t\t\t\t\t<\/div>\n\t\t\t\t<\/div>\n\t\t\t\t\t<\/div>\n\t\t<\/div>\n\t\t\t\t\t<\/div>\n\t\t<\/section>\n\t\t\t\t<section class=\"elementor-section elementor-top-section elementor-element elementor-element-93c4926 elementor-section-boxed elementor-section-height-default elementor-section-height-default\" data-id=\"93c4926\" data-element_type=\"section\">\n\t\t\t\t\t\t<div class=\"elementor-container elementor-column-gap-default\">\n\t\t\t\t\t<div class=\"elementor-column elementor-col-100 elementor-top-column elementor-element elementor-element-48e8b03\" data-id=\"48e8b03\" data-element_type=\"column\">\n\t\t\t<div class=\"elementor-widget-wrap elementor-element-populated\">\n\t\t\t\t\t\t<div class=\"elementor-element elementor-element-f84ece4 elementor-widget elementor-widget-spacer\" data-id=\"f84ece4\" data-element_type=\"widget\" data-widget_type=\"spacer.default\">\n\t\t\t\t<div class=\"elementor-widget-container\">\n\t\t\t\t\t<div class=\"elementor-spacer\">\n\t\t\t<div class=\"elementor-spacer-inner\"><\/div>\n\t\t<\/div>\n\t\t\t\t<\/div>\n\t\t\t\t<\/div>\n\t\t\t\t\t<\/div>\n\t\t<\/div>\n\t\t\t\t\t<\/div>\n\t\t<\/section>\n\t\t\t\t<section class=\"elementor-section elementor-top-section elementor-element elementor-element-5b6759d elementor-section-boxed elementor-section-height-default elementor-section-height-default\" data-id=\"5b6759d\" data-element_type=\"section\">\n\t\t\t\t\t\t<div class=\"elementor-container elementor-column-gap-default\">\n\t\t\t\t\t<div class=\"elementor-column elementor-col-100 elementor-top-column elementor-element elementor-element-75e057a\" data-id=\"75e057a\" data-element_type=\"column\">\n\t\t\t<div class=\"elementor-widget-wrap elementor-element-populated\">\n\t\t\t\t\t\t<div class=\"elementor-element elementor-element-620af49 elementor-widget elementor-widget-wgl-portfolio\" data-id=\"620af49\" data-element_type=\"widget\" data-widget_type=\"wgl-portfolio.default\">\n\t\t\t\t<div class=\"elementor-widget-container\">\n\t\t\t<section class=\"wgl_cpt_section\"><div class=\"wgl-portfolio\" id=\"portfolio_module_69f3289acf7a5\"><div class=\"wgl-filter_wrapper portfolio__filter isotope-filter filter-center\"><div class=\"wgl-filter_swiper_wrapper\"><div class=\"swiper-wrapper\"><a href=\"#\" data-filter=\".portfolio__item\" class=\"swiper-slide active\">ALL WORKS<span class=\"filter_counter\"><\/span><\/a><a class=\"swiper-slide\" href=\"https:\/\/transcor.md\/ro\/portfolio-category\/vps-server\/\" data-filter=\".vps-server\">VPS Server<span class=\"filter_counter\"><\/span><\/a><a class=\"swiper-slide\" href=\"https:\/\/transcor.md\/ro\/portfolio-category\/it-service\/\" data-filter=\".it-service\">IT Service<span class=\"filter_counter\"><\/span><\/a><\/div><\/div><\/div><div class=\"wgl-portfolio_wrapper\"><div class=\"wgl-portfolio_container container-grid row appear-animation anim-slide-left isotope masonry-3\"  style=\"margin-right: -15px; margin-left: -15px; margin-bottom: -30px;\"><div class=\"pf_item_size\" style=\"width: 25%;\"><\/div><article class=\"portfolio__item item vps-server\"  style=\"padding: 0 15px 30px;\"><div class=\"item__wrapper description_under_image\"><div class=\"item__image\"><img decoding=\"async\" src=\"https:\/\/transcor.md\/wp-content\/uploads\/2024\/07\/Screenshot-2024-07-16-at-17.47.57-1140x1140.png\" alt=\"\"><div class=\"overlay\"><\/div><\/div><div class=\"item__description\"><div class=\"description__wrapper\"><div class=\"item__title\"><h4 class=\"title\"><span>Server VPS de \u00eenchiriat - pentru cine este acest serviciu?<\/span><\/h4><\/div><div class=\"post_cats\"><a href=\"https:\/\/transcor.md\/ro\/portfolio-category\/vps-server\/\" class=\"portfolio-category\">VPS Server<\/a><\/div><\/div><\/div><\/div><\/article><article class=\"portfolio__item item it-service\"  style=\"padding: 0 15px 30px;\"><div class=\"item__wrapper description_under_image\"><div class=\"item__image\"><img decoding=\"async\" src=\"https:\/\/transcor.md\/wp-content\/uploads\/2024\/07\/office-space-scaled-1140x570.jpg\" alt=\"\" style=\"margin-top: -15px;\"><div class=\"overlay\"><\/div><\/div><div class=\"item__description\"><div class=\"description__wrapper\"><div class=\"item__title\"><h4 class=\"title\"><span>De ce este benefic pentru \u00eentreprinderile mici \u0219i mijlocii s\u0103 externalizeze un specialist IT?<\/span><\/h4><\/div><div class=\"post_cats\"><a href=\"https:\/\/transcor.md\/ro\/portfolio-category\/it-service\/\" class=\"portfolio-category\">IT Service<\/a><\/div><\/div><\/div><\/div><\/article><\/div><\/div><\/div><\/section>\t\t<\/div>\n\t\t\t\t<\/div>\n\t\t\t\t\t<\/div>\n\t\t<\/div>\n\t\t\t\t\t<\/div>\n\t\t<\/section>\n\t\t\t\t<section class=\"elementor-section elementor-top-section elementor-element elementor-element-b1a702f elementor-section-boxed elementor-section-height-default elementor-section-height-default\" data-id=\"b1a702f\" data-element_type=\"section\">\n\t\t\t\t\t\t<div class=\"elementor-container elementor-column-gap-default\">\n\t\t\t\t\t<div class=\"elementor-column elementor-col-100 elementor-top-column elementor-element elementor-element-47ad120\" data-id=\"47ad120\" data-element_type=\"column\">\n\t\t\t<div class=\"elementor-widget-wrap elementor-element-populated\">\n\t\t\t\t\t\t<div class=\"elementor-element elementor-element-f15eb20 elementor-widget elementor-widget-spacer\" data-id=\"f15eb20\" data-element_type=\"widget\" data-widget_type=\"spacer.default\">\n\t\t\t\t<div class=\"elementor-widget-container\">\n\t\t\t\t\t<div class=\"elementor-spacer\">\n\t\t\t<div class=\"elementor-spacer-inner\"><\/div>\n\t\t<\/div>\n\t\t\t\t<\/div>\n\t\t\t\t<\/div>\n\t\t\t\t\t<\/div>\n\t\t<\/div>\n\t\t\t\t\t<\/div>\n\t\t<\/section>\n\t\t\t\t<\/div>","protected":false},"excerpt":{"rendered":"<p>\u0414\u043e\u0431\u0440\u043e \u043f\u043e\u0436\u0430\u043b\u043e\u0432\u0430\u0442\u044c \u0432 \u043d\u0430\u0448 \u0431\u043b\u043e\u0433. \u0417\u0434\u0435\u0441\u044c \u0432\u044b \u043d\u0430\u0439\u0434\u0451\u0442\u0435 \u043f\u043e\u043b\u0435\u0437\u043d\u044b\u0439 \u0438\u043d\u0444\u043e\u0440\u043c\u0430\u0442\u0438\u0432\u043d\u044b\u0439 \u043c\u0430\u0442\u0435\u0440\u0438\u0430\u043b \u043d\u0430 \u0440\u0430\u0437\u043b\u0438\u0447\u043d\u044b\u0435 \u0442\u0435\u043c\u044b, \u043e \u043a\u043e\u0442\u043e\u0440\u044b\u0445 \u043d\u0430\u043c \u043e\u0447\u0435\u043d\u044c \u0438\u043d\u0442\u0435\u0440\u0435\u0441\u043d\u043e \u043f\u043e\u0433\u043e\u0432\u043e\u0440\u0438\u0442\u044c \u0438 \u043f\u043e\u0434\u0435\u043b\u0438\u0442\u044c\u0441\u044f \u0441\u0432\u043e\u0438\u043c \u043e\u043f\u044b\u0442\u043e\u043c \u0438 \u0432\u0438\u0434\u0435\u043d\u0438\u0435\u043c. \u0412\u0441\u0435\u0433\u0434\u0430 \u0440\u0430\u0434\u044b \u0431\u044b\u0442\u044c \u043f\u043e\u043b\u0435\u0437\u043d\u044b\u043c\u0438 \u043d\u0430\u0448\u0438\u043c \u043a\u043b\u0438\u0435\u043d\u0442\u0430\u043c! ALL WORKSVPS \u0421\u0435\u0440\u0432\u0435\u0440\u0418\u0422 \u0421\u0435\u0440\u0432\u0438\u0441 \u041f\u043e\u0447\u0435\u043c\u0443 \u043c\u0430\u043b\u043e\u043c\u0443 \u0438 \u0441\u0440\u0435\u0434\u043d\u0435\u043c\u0443 \u0431\u0438\u0437\u043d\u0435\u0441\u0443 \u0432\u044b\u0433\u043e\u0434\u043d\u043e \u0430\u0443\u0442\u0441\u043e\u0440\u0441\u0438\u0442\u044c \u0418\u0422 \u0441\u043f\u0435\u0446\u0438\u0430\u043b\u0438\u0441\u0442\u0430? \u0418\u0422 \u0421\u0435\u0440\u0432\u0438\u0441 VPS \u0421\u0435\u0440\u0432\u0435\u0440 \u0432 \u0430\u0440\u0435\u043d\u0434\u0443 &#8211; \u0434\u043b\u044f \u043a\u043e\u0433\u043e \u044d\u0442\u0430 [&hellip;]<\/p>","protected":false},"author":1,"featured_media":0,"parent":0,"menu_order":0,"comment_status":"closed","ping_status":"closed","template":"","meta":{"footnotes":""},"class_list":["post-548","page","type-page","status-publish","hentry"],"_links":{"self":[{"href":"https:\/\/transcor.md\/ro\/wp-json\/wp\/v2\/pages\/548","targetHints":{"allow":["GET"]}}],"collection":[{"href":"https:\/\/transcor.md\/ro\/wp-json\/wp\/v2\/pages"}],"about":[{"href":"https:\/\/transcor.md\/ro\/wp-json\/wp\/v2\/types\/page"}],"author":[{"embeddable":true,"href":"https:\/\/transcor.md\/ro\/wp-json\/wp\/v2\/users\/1"}],"replies":[{"embeddable":true,"href":"https:\/\/transcor.md\/ro\/wp-json\/wp\/v2\/comments?post=548"}],"version-history":[{"count":17,"href":"https:\/\/transcor.md\/ro\/wp-json\/wp\/v2\/pages\/548\/revisions"}],"predecessor-version":[{"id":3948,"href":"https:\/\/transcor.md\/ro\/wp-json\/wp\/v2\/pages\/548\/revisions\/3948"}],"wp:attachment":[{"href":"https:\/\/transcor.md\/ro\/wp-json\/wp\/v2\/media?parent=548"}],"curies":[{"name":"wp","href":"https:\/\/api.w.org\/{rel}","templated":true}]}}