{"id":4027,"date":"2024-07-13T10:58:55","date_gmt":"2024-07-13T10:58:55","guid":{"rendered":"https:\/\/transcor.md\/?page_id=4027"},"modified":"2024-08-14T07:30:30","modified_gmt":"2024-08-14T07:30:30","slug":"transcor-partner","status":"publish","type":"page","link":"https:\/\/transcor.md\/ro\/transcor-partner\/","title":{"rendered":"Program de afiliere"},"content":{"rendered":"<div data-elementor-type=\"wp-page\" data-elementor-id=\"4027\" class=\"elementor elementor-4027\">\n\t\t\t\t\t\t<section class=\"elementor-section elementor-top-section elementor-element elementor-element-eeef989 elementor-section-boxed elementor-section-height-default elementor-section-height-default\" data-id=\"eeef989\" data-element_type=\"section\" data-settings=\"{&quot;background_background&quot;:&quot;classic&quot;}\">\n\t\t\t\t\t\t<div class=\"elementor-container elementor-column-gap-default\">\n\t\t\t\t\t<div class=\"elementor-column elementor-col-100 elementor-top-column elementor-element elementor-element-e12845c\" data-id=\"e12845c\" data-element_type=\"column\">\n\t\t\t<div class=\"elementor-widget-wrap elementor-element-populated\">\n\t\t\t\t\t\t<div class=\"elementor-element elementor-element-bf6b576 elementor-widget elementor-widget-spacer\" data-id=\"bf6b576\" data-element_type=\"widget\" data-widget_type=\"spacer.default\">\n\t\t\t\t<div class=\"elementor-widget-container\">\n\t\t\t\t\t<div class=\"elementor-spacer\">\n\t\t\t<div class=\"elementor-spacer-inner\"><\/div>\n\t\t<\/div>\n\t\t\t\t<\/div>\n\t\t\t\t<\/div>\n\t\t\t\t<div class=\"elementor-element elementor-element-67f7def show-yes aleft elementor-widget elementor-widget-wgl-double-headings\" data-id=\"67f7def\" data-element_type=\"widget\" data-widget_type=\"wgl-double-headings.default\">\n\t\t\t\t<div class=\"elementor-widget-container\">\n\t\t\t        <div class=\"wgl-double-heading\"><h3 class=\"dbl__title-wrapper\"><span class=\"dbl__title dbl-title_1\">Program de afiliere<\/span><span class=\"dbl__title dbl-title_2\">.<\/span><\/h3>        <\/div>\t\t<\/div>\n\t\t\t\t<\/div>\n\t\t\t\t<div class=\"elementor-element elementor-element-231b2e4 elementor-widget elementor-widget-text-editor\" data-id=\"231b2e4\" data-element_type=\"widget\" data-widget_type=\"text-editor.default\">\n\t\t\t\t<div class=\"elementor-widget-container\">\n\t\t\t\t\t\t\t<p><strong>Regulamentul programului de afiliere al Agen\u021biei Transcor<\/strong><\/p><p><strong>1. Participarea la program:<\/strong><br \/>\u2014 Programul de afiliere este deschis tuturor clien\u021bilor actuali \u0219i noi ai Agen\u021biei Transcor.<\/p><p><strong>2. Condi\u021bii de recomandare:<\/strong><br \/>\u2013 Clientul trebuie s\u0103 recomande cel pu\u021bin trei clien\u021bi noi care se vor conecta la serviciile \u201eAgen\u021bia Transcor\u201d.<\/p><p><strong>3. Confirmarea recomand\u0103rii:<\/strong><br \/>\u2014 Clien\u021bii noi trebuie s\u0103 furnizeze numele \u0219i datele de contact ale persoanei care fac trimitere atunci c\u00e2nd se \u00eenregistreaz\u0103 pentru servicii.<\/p><p><strong>4. Reducere la servicii:<\/strong><br \/>\u2014 Dac\u0103 trei clien\u021bi noi sunt conecta\u021bi cu succes prin recomandare, recomandatorul \u0219i to\u021bi cei trei clien\u021bi invita\u021bi primesc <strong>15% reducere la \u00eentreaga gam\u0103 de servicii a \u201eAgen\u021bia Transcor\u201d.<\/strong><\/p><p><strong>5. Perioada de reducere:<\/strong><br \/>\u2014 Reducerea intr\u0103 \u00een vigoare din momentul \u00een care to\u021bi cei trei clien\u021bi noi, veni\u021bi prin recomandare, au \u00eencheiat contracte de prestare de servicii \u0219i au finalizat cu succes o lun\u0103 de utilizare a serviciilor \u201eAgen\u021bia Transcor\u201d.<br \/>\u2014 Reducerea este valabil\u0103 12 luni de la data intr\u0103rii sale \u00een vigoare.<\/p><p><strong>6. Limit\u0103ri:<\/strong><br \/>\u2014 Reducerea nu poate fi cumulat\u0103 cu alte promo\u021bii \u0219i oferte.<br \/>\u2014 \u00cen cazul rezilierii anticipate a contractului cu oricare dintre clien\u021bi, reducerea se anuleaz\u0103 pentru to\u021bi participan\u021bii.<\/p><p><strong>7. Condi\u021bii suplimentare:<\/strong><br \/>\u2014 \u201eAgen\u021bia Transcor\u201d \u00ee\u0219i rezerv\u0103 dreptul de a modifica termenii programului de afiliere \u00een orice moment, f\u0103r\u0103 notificare prealabil\u0103.<br \/>\u2014 Toate modific\u0103rile intr\u0103 \u00een vigoare din momentul public\u0103rii lor pe site-ul oficial al companiei.<\/p><p><strong>Al\u0103tura\u021bi-v\u0103 programului nostru de afiliere \u0219i bucura\u021bi-v\u0103 de beneficii al\u0103turi de prietenii \u0219i colegii dvs.!<\/strong><\/p><p>Dac\u0103 ave\u021bi \u00eentreb\u0103ri despre program, v\u0103 rug\u0103m s\u0103 contacta\u021bi echipa noastr\u0103 de asisten\u021b\u0103: 0 (22) 22 16 16.<\/p>\t\t\t\t\t\t<\/div>\n\t\t\t\t<\/div>\n\t\t\t\t<div class=\"elementor-element elementor-element-02d0f58 elementor-widget elementor-widget-spacer\" data-id=\"02d0f58\" data-element_type=\"widget\" data-widget_type=\"spacer.default\">\n\t\t\t\t<div class=\"elementor-widget-container\">\n\t\t\t\t\t<div class=\"elementor-spacer\">\n\t\t\t<div class=\"elementor-spacer-inner\"><\/div>\n\t\t<\/div>\n\t\t\t\t<\/div>\n\t\t\t\t<\/div>\n\t\t\t\t\t<\/div>\n\t\t<\/div>\n\t\t\t\t\t<\/div>\n\t\t<\/section>\n\t\t\t\t<\/div>","protected":false},"excerpt":{"rendered":"<p>\u041f\u0430\u0440\u0442\u043d\u0435\u0440\u0441\u043a\u0430\u044f \u043f\u0440\u043e\u0433\u0440\u0430\u043c\u043c\u0430. \u041f\u0440\u0430\u0432\u0438\u043b\u0430 \u043f\u0430\u0440\u0442\u043d\u0435\u0440\u0441\u043a\u043e\u0439 \u043f\u0440\u043e\u0433\u0440\u0430\u043c\u043c\u044b \u043e\u0442 &#171;Agen\u021bia Transcor&#187; 1. \u0423\u0447\u0430\u0441\u0442\u0438\u0435 \u0432 \u043f\u0440\u043e\u0433\u0440\u0430\u043c\u043c\u0435:&#8212; \u041f\u0430\u0440\u0442\u043d\u0435\u0440\u0441\u043a\u0430\u044f \u043f\u0440\u043e\u0433\u0440\u0430\u043c\u043c\u0430 \u043e\u0442\u043a\u0440\u044b\u0442\u0430 \u0434\u043b\u044f \u0432\u0441\u0435\u0445 \u0442\u0435\u043a\u0443\u0449\u0438\u0445 \u0438 \u043d\u043e\u0432\u044b\u0445 \u043a\u043b\u0438\u0435\u043d\u0442\u043e\u0432 &#171;Agen\u021bia Transcor&#187;. 2. \u0423\u0441\u043b\u043e\u0432\u0438\u044f \u0440\u0435\u043a\u043e\u043c\u0435\u043d\u0434\u0430\u0446\u0438\u0438:&#8212; \u041a\u043b\u0438\u0435\u043d\u0442 \u0434\u043e\u043b\u0436\u0435\u043d \u0440\u0435\u043a\u043e\u043c\u0435\u043d\u0434\u043e\u0432\u0430\u0442\u044c \u043d\u0435 \u043c\u0435\u043d\u0435\u0435 \u0442\u0440\u0435\u0445 \u043d\u043e\u0432\u044b\u0445 \u043a\u043b\u0438\u0435\u043d\u0442\u043e\u0432, \u043a\u043e\u0442\u043e\u0440\u044b\u0435 \u043f\u043e\u0434\u043a\u043b\u044e\u0447\u0430\u0442\u0441\u044f \u043a \u0443\u0441\u043b\u0443\u0433\u0430\u043c &#171;Agen\u021bia Transcor&#187;. 3. \u041f\u043e\u0434\u0442\u0432\u0435\u0440\u0436\u0434\u0435\u043d\u0438\u0435 \u0440\u0435\u043a\u043e\u043c\u0435\u043d\u0434\u0430\u0446\u0438\u0438:&#8212; \u041d\u043e\u0432\u044b\u0435 \u043a\u043b\u0438\u0435\u043d\u0442\u044b \u0434\u043e\u043b\u0436\u043d\u044b \u0443\u043a\u0430\u0437\u0430\u0442\u044c \u0438\u043c\u044f \u0438 \u043a\u043e\u043d\u0442\u0430\u043a\u0442\u043d\u044b\u0435 \u0434\u0430\u043d\u043d\u044b\u0435 \u0440\u0435\u043a\u043e\u043c\u0435\u043d\u0434\u0430\u0442\u0435\u043b\u044f \u043f\u0440\u0438 \u043f\u043e\u0434\u043f\u0438\u0441\u043a\u0435 \u043d\u0430 [&hellip;]<\/p>","protected":false},"author":1,"featured_media":0,"parent":0,"menu_order":0,"comment_status":"closed","ping_status":"closed","template":"","meta":{"footnotes":""},"class_list":["post-4027","page","type-page","status-publish","hentry"],"_links":{"self":[{"href":"https:\/\/transcor.md\/ro\/wp-json\/wp\/v2\/pages\/4027","targetHints":{"allow":["GET"]}}],"collection":[{"href":"https:\/\/transcor.md\/ro\/wp-json\/wp\/v2\/pages"}],"about":[{"href":"https:\/\/transcor.md\/ro\/wp-json\/wp\/v2\/types\/page"}],"author":[{"embeddable":true,"href":"https:\/\/transcor.md\/ro\/wp-json\/wp\/v2\/users\/1"}],"replies":[{"embeddable":true,"href":"https:\/\/transcor.md\/ro\/wp-json\/wp\/v2\/comments?post=4027"}],"version-history":[{"count":7,"href":"https:\/\/transcor.md\/ro\/wp-json\/wp\/v2\/pages\/4027\/revisions"}],"predecessor-version":[{"id":4173,"href":"https:\/\/transcor.md\/ro\/wp-json\/wp\/v2\/pages\/4027\/revisions\/4173"}],"wp:attachment":[{"href":"https:\/\/transcor.md\/ro\/wp-json\/wp\/v2\/media?parent=4027"}],"curies":[{"name":"wp","href":"https:\/\/api.w.org\/{rel}","templated":true}]}}