{"id":1405,"date":"2024-07-13T13:21:33","date_gmt":"2024-07-13T13:21:33","guid":{"rendered":"http:\/\/wgl-demo.net\/starlitte\/?page_id=1405"},"modified":"2026-02-18T13:28:34","modified_gmt":"2026-02-18T10:28:34","slug":"anrceti-agentia-transcor","status":"publish","type":"page","link":"https:\/\/transcor.md\/ro\/anrceti-agentia-transcor\/","title":{"rendered":"ANRCETI"},"content":{"rendered":"<div data-elementor-type=\"wp-page\" data-elementor-id=\"1405\" class=\"elementor elementor-1405\">\n\t\t\t\t\t\t<section class=\"elementor-section elementor-top-section elementor-element elementor-element-9479e23 elementor-section-boxed elementor-section-height-default elementor-section-height-default\" data-id=\"9479e23\" data-element_type=\"section\">\n\t\t\t\t\t\t<div class=\"elementor-container elementor-column-gap-default\">\n\t\t\t\t\t<div class=\"elementor-column elementor-col-100 elementor-top-column elementor-element elementor-element-7cc0393\" data-id=\"7cc0393\" data-element_type=\"column\">\n\t\t\t<div class=\"elementor-widget-wrap elementor-element-populated\">\n\t\t\t\t\t\t<div class=\"elementor-element elementor-element-5af9e16 elementor-widget elementor-widget-spacer\" data-id=\"5af9e16\" data-element_type=\"widget\" data-widget_type=\"spacer.default\">\n\t\t\t\t<div class=\"elementor-widget-container\">\n\t\t\t\t\t<div class=\"elementor-spacer\">\n\t\t\t<div class=\"elementor-spacer-inner\"><\/div>\n\t\t<\/div>\n\t\t\t\t<\/div>\n\t\t\t\t<\/div>\n\t\t\t\t\t<\/div>\n\t\t<\/div>\n\t\t\t\t\t<\/div>\n\t\t<\/section>\n\t\t\t\t<section class=\"elementor-section elementor-top-section elementor-element elementor-element-7efe974 elementor-section-boxed elementor-section-height-default elementor-section-height-default\" data-id=\"7efe974\" data-element_type=\"section\">\n\t\t\t\t\t\t<div class=\"elementor-container elementor-column-gap-default\">\n\t\t\t\t\t<div class=\"elementor-column elementor-col-100 elementor-top-column elementor-element elementor-element-20a4603\" data-id=\"20a4603\" data-element_type=\"column\">\n\t\t\t<div class=\"elementor-widget-wrap elementor-element-populated\">\n\t\t\t\t\t\t<div class=\"elementor-element elementor-element-285c1be elementor-widget elementor-widget-heading\" data-id=\"285c1be\" data-element_type=\"widget\" data-widget_type=\"heading.default\">\n\t\t\t\t<div class=\"elementor-widget-container\">\n\t\t\t<h2 class=\"elementor-heading-title elementor-size-default\">ANRCETI<\/h2>\t\t<\/div>\n\t\t\t\t<\/div>\n\t\t\t\t<div class=\"elementor-element elementor-element-0ff484a elementor-widget elementor-widget-spacer\" data-id=\"0ff484a\" data-element_type=\"widget\" data-widget_type=\"spacer.default\">\n\t\t\t\t<div class=\"elementor-widget-container\">\n\t\t\t\t\t<div class=\"elementor-spacer\">\n\t\t\t<div class=\"elementor-spacer-inner\"><\/div>\n\t\t<\/div>\n\t\t\t\t<\/div>\n\t\t\t\t<\/div>\n\t\t\t\t\t<\/div>\n\t\t<\/div>\n\t\t\t\t\t<\/div>\n\t\t<\/section>\n\t\t\t\t<section class=\"elementor-section elementor-top-section elementor-element elementor-element-e7834ba elementor-section-boxed elementor-section-height-default elementor-section-height-default\" data-id=\"e7834ba\" data-element_type=\"section\" data-settings=\"{&quot;background_background&quot;:&quot;classic&quot;}\">\n\t\t\t\t\t\t<div class=\"elementor-container elementor-column-gap-default\">\n\t\t\t\t\t<div class=\"elementor-column elementor-col-100 elementor-top-column elementor-element elementor-element-f26428f\" data-id=\"f26428f\" data-element_type=\"column\">\n\t\t\t<div class=\"elementor-widget-wrap elementor-element-populated\">\n\t\t\t\t\t\t<div class=\"elementor-element elementor-element-e8ae33e elementor-widget elementor-widget-spacer\" data-id=\"e8ae33e\" data-element_type=\"widget\" data-widget_type=\"spacer.default\">\n\t\t\t\t<div class=\"elementor-widget-container\">\n\t\t\t\t\t<div class=\"elementor-spacer\">\n\t\t\t<div class=\"elementor-spacer-inner\"><\/div>\n\t\t<\/div>\n\t\t\t\t<\/div>\n\t\t\t\t<\/div>\n\t\t\t\t<div class=\"elementor-element elementor-element-1a97a2c elementor-widget elementor-widget-toggle\" data-id=\"1a97a2c\" data-element_type=\"widget\" data-widget_type=\"toggle.default\">\n\t\t\t\t<div class=\"elementor-widget-container\">\n\t\t\t\t\t<div class=\"elementor-toggle\">\n\t\t\t\t\t\t\t<div class=\"elementor-toggle-item\">\n\t\t\t\t\t<div id=\"elementor-tab-title-2781\" class=\"elementor-tab-title\" data-tab=\"1\" role=\"button\" aria-controls=\"elementor-tab-content-2781\" aria-expanded=\"false\">\n\t\t\t\t\t\t\t\t\t\t\t\t<span class=\"elementor-toggle-icon elementor-toggle-icon-left\" aria-hidden=\"true\">\n\t\t\t\t\t\t\t\t\t\t\t\t\t\t\t<span class=\"elementor-toggle-icon-closed\"><svg class=\"e-font-icon-svg e-fas-caret-right\" viewbox=\"0 0 192 512\" xmlns=\"http:\/\/www.w3.org\/2000\/svg\"><path d=\"M0 384.662V127.338c0-17.818 21.543-26.741 34.142-14.142l128.662 128.662c7.81 7.81 7.81 20.474 0 28.284L34.142 398.804C21.543 411.404 0 402.48 0 384.662z\"><\/path><\/svg><\/span>\n\t\t\t\t\t\t\t\t<span class=\"elementor-toggle-icon-opened\"><svg class=\"elementor-toggle-icon-opened e-font-icon-svg e-fas-caret-up\" viewbox=\"0 0 320 512\" xmlns=\"http:\/\/www.w3.org\/2000\/svg\"><path d=\"M288.662 352H31.338c-17.818 0-26.741-21.543-14.142-34.142l128.662-128.662c7.81-7.81 20.474-7.81 28.284 0l128.662 128.662c12.6 12.599 3.676 34.142-14.142 34.142z\"><\/path><\/svg><\/span>\n\t\t\t\t\t\t\t\t\t\t\t\t\t<\/span>\n\t\t\t\t\t\t\t\t\t\t\t\t<a class=\"elementor-toggle-title\" tabindex=\"0\">2024 Parametri Calitate simestru I<\/a>\n\t\t\t\t\t<\/div>\n\n\t\t\t\t\t<div id=\"elementor-tab-content-2781\" class=\"elementor-tab-content elementor-clearfix\" data-tab=\"1\" role=\"region\" aria-labelledby=\"elementor-tab-title-2781\"><p><a href=\"https:\/\/transcor.md\/wp-content\/uploads\/2024\/08\/tr1.pdf\" target=\"_blank\" rel=\"noopener\">tr1<\/a><\/p><\/div>\n\t\t\t\t<\/div>\n\t\t\t\t\t\t\t<div class=\"elementor-toggle-item\">\n\t\t\t\t\t<div id=\"elementor-tab-title-2782\" class=\"elementor-tab-title\" data-tab=\"2\" role=\"button\" aria-controls=\"elementor-tab-content-2782\" aria-expanded=\"false\">\n\t\t\t\t\t\t\t\t\t\t\t\t<span class=\"elementor-toggle-icon elementor-toggle-icon-left\" aria-hidden=\"true\">\n\t\t\t\t\t\t\t\t\t\t\t\t\t\t\t<span class=\"elementor-toggle-icon-closed\"><svg class=\"e-font-icon-svg e-fas-caret-right\" viewbox=\"0 0 192 512\" xmlns=\"http:\/\/www.w3.org\/2000\/svg\"><path d=\"M0 384.662V127.338c0-17.818 21.543-26.741 34.142-14.142l128.662 128.662c7.81 7.81 7.81 20.474 0 28.284L34.142 398.804C21.543 411.404 0 402.48 0 384.662z\"><\/path><\/svg><\/span>\n\t\t\t\t\t\t\t\t<span class=\"elementor-toggle-icon-opened\"><svg class=\"elementor-toggle-icon-opened e-font-icon-svg e-fas-caret-up\" viewbox=\"0 0 320 512\" xmlns=\"http:\/\/www.w3.org\/2000\/svg\"><path d=\"M288.662 352H31.338c-17.818 0-26.741-21.543-14.142-34.142l128.662-128.662c7.81-7.81 20.474-7.81 28.284 0l128.662 128.662c12.6 12.599 3.676 34.142-14.142 34.142z\"><\/path><\/svg><\/span>\n\t\t\t\t\t\t\t\t\t\t\t\t\t<\/span>\n\t\t\t\t\t\t\t\t\t\t\t\t<a class=\"elementor-toggle-title\" tabindex=\"0\">2024 Parametri Calitate simestru II<\/a>\n\t\t\t\t\t<\/div>\n\n\t\t\t\t\t<div id=\"elementor-tab-content-2782\" class=\"elementor-tab-content elementor-clearfix\" data-tab=\"2\" role=\"region\" aria-labelledby=\"elementor-tab-title-2782\"><p><a href=\"https:\/\/transcor.md\/wp-content\/uploads\/2025\/02\/tr2.pdf\" target=\"_blank\" rel=\"noopener\">tr2-24<\/a><\/p><\/div>\n\t\t\t\t<\/div>\n\t\t\t\t\t\t\t<div class=\"elementor-toggle-item\">\n\t\t\t\t\t<div id=\"elementor-tab-title-2783\" class=\"elementor-tab-title\" data-tab=\"3\" role=\"button\" aria-controls=\"elementor-tab-content-2783\" aria-expanded=\"false\">\n\t\t\t\t\t\t\t\t\t\t\t\t<span class=\"elementor-toggle-icon elementor-toggle-icon-left\" aria-hidden=\"true\">\n\t\t\t\t\t\t\t\t\t\t\t\t\t\t\t<span class=\"elementor-toggle-icon-closed\"><svg class=\"e-font-icon-svg e-fas-caret-right\" viewbox=\"0 0 192 512\" xmlns=\"http:\/\/www.w3.org\/2000\/svg\"><path d=\"M0 384.662V127.338c0-17.818 21.543-26.741 34.142-14.142l128.662 128.662c7.81 7.81 7.81 20.474 0 28.284L34.142 398.804C21.543 411.404 0 402.48 0 384.662z\"><\/path><\/svg><\/span>\n\t\t\t\t\t\t\t\t<span class=\"elementor-toggle-icon-opened\"><svg class=\"elementor-toggle-icon-opened e-font-icon-svg e-fas-caret-up\" viewbox=\"0 0 320 512\" xmlns=\"http:\/\/www.w3.org\/2000\/svg\"><path d=\"M288.662 352H31.338c-17.818 0-26.741-21.543-14.142-34.142l128.662-128.662c7.81-7.81 20.474-7.81 28.284 0l128.662 128.662c12.6 12.599 3.676 34.142-14.142 34.142z\"><\/path><\/svg><\/span>\n\t\t\t\t\t\t\t\t\t\t\t\t\t<\/span>\n\t\t\t\t\t\t\t\t\t\t\t\t<a class=\"elementor-toggle-title\" tabindex=\"0\">2025 Parametri Calitate simestru I<\/a>\n\t\t\t\t\t<\/div>\n\n\t\t\t\t\t<div id=\"elementor-tab-content-2783\" class=\"elementor-tab-content elementor-clearfix\" data-tab=\"3\" role=\"region\" aria-labelledby=\"elementor-tab-title-2783\"><p><a href=\"https:\/\/transcor.md\/wp-content\/uploads\/2025\/08\/tr1-25.pdf\" target=\"_blank\" rel=\"noopener\">tr1-25<\/a><\/p><\/div>\n\t\t\t\t<\/div>\n\t\t\t\t\t\t\t<div class=\"elementor-toggle-item\">\n\t\t\t\t\t<div id=\"elementor-tab-title-2784\" class=\"elementor-tab-title\" data-tab=\"4\" role=\"button\" aria-controls=\"elementor-tab-content-2784\" aria-expanded=\"false\">\n\t\t\t\t\t\t\t\t\t\t\t\t<span class=\"elementor-toggle-icon elementor-toggle-icon-left\" aria-hidden=\"true\">\n\t\t\t\t\t\t\t\t\t\t\t\t\t\t\t<span class=\"elementor-toggle-icon-closed\"><svg class=\"e-font-icon-svg e-fas-caret-right\" viewbox=\"0 0 192 512\" xmlns=\"http:\/\/www.w3.org\/2000\/svg\"><path d=\"M0 384.662V127.338c0-17.818 21.543-26.741 34.142-14.142l128.662 128.662c7.81 7.81 7.81 20.474 0 28.284L34.142 398.804C21.543 411.404 0 402.48 0 384.662z\"><\/path><\/svg><\/span>\n\t\t\t\t\t\t\t\t<span class=\"elementor-toggle-icon-opened\"><svg class=\"elementor-toggle-icon-opened e-font-icon-svg e-fas-caret-up\" viewbox=\"0 0 320 512\" xmlns=\"http:\/\/www.w3.org\/2000\/svg\"><path d=\"M288.662 352H31.338c-17.818 0-26.741-21.543-14.142-34.142l128.662-128.662c7.81-7.81 20.474-7.81 28.284 0l128.662 128.662c12.6 12.599 3.676 34.142-14.142 34.142z\"><\/path><\/svg><\/span>\n\t\t\t\t\t\t\t\t\t\t\t\t\t<\/span>\n\t\t\t\t\t\t\t\t\t\t\t\t<a class=\"elementor-toggle-title\" tabindex=\"0\">Securitatea \u00een Internet a copiilor<\/a>\n\t\t\t\t\t<\/div>\n\n\t\t\t\t\t<div id=\"elementor-tab-content-2784\" class=\"elementor-tab-content elementor-clearfix\" data-tab=\"4\" role=\"region\" aria-labelledby=\"elementor-tab-title-2784\"><p><a href=\"https:\/\/transcor.md\/wp-content\/uploads\/2026\/02\/Internet_-safe_ghid_RO.pdf\" target=\"_blank\" rel=\"noopener\">Ghid Internet securitate_RO<\/a><\/p><p class=\"western\" lang=\"en-US\"><span lang=\"ru-RU\">Securitatea online a copiilor <\/span><\/p><p class=\"western\" lang=\"en-US\"><span lang=\"ru-RU\">Internetul, pe l\u00e2ng\u0103 informa\u021bii utile pentru copii, poate prezenta pericole reale pentru ei. Persoanele cu rea inten\u021bie, con\u021binutul \u0219ocant \u0219i inadecvat de pe pagini web, propaganda violen\u021bei \u0219i a drogurilor \u2013 toate acestea pot d\u0103una copilului dumneavoastr\u0103. <\/span><\/p><p class=\"western\" lang=\"en-US\"><span lang=\"ru-RU\">De la bun \u00eenceput, familiariza\u021bi-v\u0103 cu tehnologia de utilizare a Internetului, explora\u021bi set\u0103rile din controlul parental \u00een sistemul Windows \u0219i programele de browser. Pentru accesul sigur la Internet a copilului dumneavoastr\u0103 e nevoie de a studia \u0219i activa set\u0103rile de confiden\u021bialitate \u0219i filtrarea de con\u021binut \u00een motoarele de c\u0103utare, magazinele de aplica\u021bii, jocuri \u0219i YouTube. <\/span><\/p><p class=\"western\" lang=\"en-US\"><span lang=\"ru-RU\">Dac\u0103 copilul dumneavoastr\u0103 este activ pe Internet, \u00eencerca\u021bi s\u0103 \u021bine\u021bi pasul cu el \u0219i s\u0103 fi\u021bi la curent cu toate interesele \u0219i deprinderile sale. <\/span><\/p><p class=\"western\" lang=\"en-US\"><span lang=\"ru-RU\">Instala\u021bi calculatorul la vedere, \u00eencerca\u021bi s\u0103 studia\u021bi calculatorul \u00eempreun\u0103 cu copilul; \u00eenregistra\u021bi-v\u0103 pe re\u021belele de socializare \u00eempreun\u0103 cu el \u0219i \u201ddeveni\u021bi prieteni\u201d pe aceste re\u021bele. La fel, urm\u0103ri\u021bi post\u0103rile copilului \u0219i cu aten\u021bie \u00eei direc\u021biona\u021bi interesele \u0219i v\u0103 exprima\u021bi p\u0103rerea astfel, \u00eenc\u00e2t el s\u0103 nu se \u201d\u00eenchid\u0103 \u00een sine\u201d. <\/span><\/p><p class=\"western\" lang=\"en-US\"><span lang=\"ru-RU\">\u00cenv\u0103\u021ba\u021bi-l s\u0103 fie responsabil de comunicarea online, interesa\u021bi-v\u0103 despre contactele \u0219i prietenii lui, atrage\u021bi aten\u021bia la inadmisibilitatea de a discuta cu oamenii necunoscu\u021bi \u0219i de a oferi cuiva date personale ale lui sau ale dumneavoastr\u0103. <\/span><\/p><p class=\"western\" lang=\"en-US\"><span lang=\"ru-RU\">Fi\u021bi deschi\u0219i cu copilul, demonstra\u021bi-i c\u0103 el poate avea \u00eencredere \u00een dumneavoastr\u0103. <\/span><\/p><p class=\"western\" lang=\"en-US\"><span lang=\"ru-RU\">Discuta\u021bi regulat cu copilul despre securitatea online, \u00eentreba\u021bi mai des despre g\u00e2ndurile, visele \u0219i aspira\u021biile sale; tinde\u021bi s\u0103-i fi\u021bi mai mult prieten dec\u00e2t un p\u0103rinte \u201dstrict\u201d. <\/span><\/p><p class=\"western\" lang=\"en-US\"><span lang=\"ru-RU\">\u00cencerca\u021bi s\u0103 nu-i bloca\u021bi accesul la Interntet, \u00een caz contrar el va g\u0103si alte metode de a avea acces online, doar c\u0103 deja f\u0103r\u0103 controlul dumneavoastr\u0103. <\/span><\/p><p class=\"western\"><a name=\"_GoBack\"><\/a><\/p><\/div>\n\t\t\t\t<\/div>\n\t\t\t\t\t\t\t\t<\/div>\n\t\t\t\t<\/div>\n\t\t\t\t<\/div>\n\t\t\t\t<div class=\"elementor-element elementor-element-6b440ef elementor-widget elementor-widget-spacer\" data-id=\"6b440ef\" data-element_type=\"widget\" data-widget_type=\"spacer.default\">\n\t\t\t\t<div class=\"elementor-widget-container\">\n\t\t\t\t\t<div class=\"elementor-spacer\">\n\t\t\t<div class=\"elementor-spacer-inner\"><\/div>\n\t\t<\/div>\n\t\t\t\t<\/div>\n\t\t\t\t<\/div>\n\t\t\t\t\t<\/div>\n\t\t<\/div>\n\t\t\t\t\t<\/div>\n\t\t<\/section>\n\t\t\t\t<section class=\"elementor-section elementor-top-section elementor-element elementor-element-283a3c3 elementor-section-boxed elementor-section-height-default elementor-section-height-default\" data-id=\"283a3c3\" data-element_type=\"section\">\n\t\t\t\t\t\t<div class=\"elementor-container elementor-column-gap-default\">\n\t\t\t\t\t<div class=\"elementor-column elementor-col-100 elementor-top-column elementor-element elementor-element-ed7f279\" data-id=\"ed7f279\" data-element_type=\"column\">\n\t\t\t<div class=\"elementor-widget-wrap elementor-element-populated\">\n\t\t\t\t\t\t<div class=\"elementor-element elementor-element-f2ddd86 elementor-widget elementor-widget-spacer\" data-id=\"f2ddd86\" data-element_type=\"widget\" data-widget_type=\"spacer.default\">\n\t\t\t\t<div class=\"elementor-widget-container\">\n\t\t\t\t\t<div class=\"elementor-spacer\">\n\t\t\t<div class=\"elementor-spacer-inner\"><\/div>\n\t\t<\/div>\n\t\t\t\t<\/div>\n\t\t\t\t<\/div>\n\t\t\t\t\t<\/div>\n\t\t<\/div>\n\t\t\t\t\t<\/div>\n\t\t<\/section>\n\t\t\t\t<\/div>","protected":false},"excerpt":{"rendered":"<p>ANRCETI 2024 Parametri Calitate simestru I tr1 2024 Parametri Calitate simestru II tr2-24 2025 Parametri Calitate simestru I tr1-25 Securitatea \u00een Internet a copiilor Ghid Internet securitate_RO Securitatea online a copiilor Internetul, pe l\u00e2ng\u0103 informa\u021bii utile pentru copii, poate prezenta pericole reale pentru ei. Persoanele cu rea inten\u021bie, con\u021binutul \u0219ocant \u0219i inadecvat de pe pagini [&hellip;]<\/p>","protected":false},"author":1,"featured_media":0,"parent":0,"menu_order":0,"comment_status":"closed","ping_status":"closed","template":"","meta":{"footnotes":""},"class_list":["post-1405","page","type-page","status-publish","hentry"],"_links":{"self":[{"href":"https:\/\/transcor.md\/ro\/wp-json\/wp\/v2\/pages\/1405","targetHints":{"allow":["GET"]}}],"collection":[{"href":"https:\/\/transcor.md\/ro\/wp-json\/wp\/v2\/pages"}],"about":[{"href":"https:\/\/transcor.md\/ro\/wp-json\/wp\/v2\/types\/page"}],"author":[{"embeddable":true,"href":"https:\/\/transcor.md\/ro\/wp-json\/wp\/v2\/users\/1"}],"replies":[{"embeddable":true,"href":"https:\/\/transcor.md\/ro\/wp-json\/wp\/v2\/comments?post=1405"}],"version-history":[{"count":68,"href":"https:\/\/transcor.md\/ro\/wp-json\/wp\/v2\/pages\/1405\/revisions"}],"predecessor-version":[{"id":4520,"href":"https:\/\/transcor.md\/ro\/wp-json\/wp\/v2\/pages\/1405\/revisions\/4520"}],"wp:attachment":[{"href":"https:\/\/transcor.md\/ro\/wp-json\/wp\/v2\/media?parent=1405"}],"curies":[{"name":"wp","href":"https:\/\/api.w.org\/{rel}","templated":true}]}}